{"id":22,"date":"2025-10-25T08:05:16","date_gmt":"2025-10-25T08:05:16","guid":{"rendered":"https:\/\/www.namoroka.org\/?page_id=22"},"modified":"2025-11-15T15:08:25","modified_gmt":"2025-11-15T15:08:25","slug":"nos-projets","status":"publish","type":"page","link":"https:\/\/www.namoroka.org\/?page_id=22","title":{"rendered":"Nos actions"},"content":{"rendered":"\n<div style=\"height:47px\" aria-hidden=\"true\" class=\"wp-block-spacer\"><\/div>\n\n\n\n<h2 class=\"wp-block-heading\">L\u2019\u00e9ducation<br><em>La cl\u00e9 pour transformer durablement un territoire<\/em><\/h2>\n\n\n\n<div class=\"wp-block-media-text is-stacked-on-mobile is-image-fill-element\" style=\"padding-top:0;padding-bottom:0;grid-template-columns:53% auto\"><figure class=\"wp-block-media-text__media\"><img decoding=\"async\" src=\"https:\/\/www.namoroka.org\/wp-content\/uploads\/2025\/11\/IMG_1455.heic\" alt=\"\" class=\"wp-image-311 size-full\" style=\"object-position:69% 92%\"\/><\/figure><div class=\"wp-block-media-text__content\">\n<p>Nous \u0153uvrons pour une \u00e9ducation de qualit\u00e9 en milieu rural, convaincus que donner acc\u00e8s \u00e0 des conditions d\u2019apprentissage dignes n\u2019est pas un luxe : c\u2019est un droit fondamental, et la premi\u00e8re \u00e9tape vers un d\u00e9veloppement r\u00e9ellement port\u00e9 par les communaut\u00e9s.<\/p>\n\n\n\n<p>Au sein du triptyque qui oriente nos actions \u2014 <strong>\u00e9ducation<\/strong>, <strong>agriculture durable<\/strong> et <strong>protection de l\u2019environnement<\/strong> \u2014 l\u2019\u00e9ducation est aujourd\u2019hui notre priorit\u00e9. Les besoins y sont immenses, les impacts imm\u00e9diats, visibles et profond\u00e9ment structurants, pour les enfants comme pour tout le territoire.<\/p>\n\n\n\n<p>C\u2019est pourquoi notre plus grand projet en cours se concentre sur l\u2019\u00e9cole de <strong>Vilanandro<\/strong>. Avec le personnel enseignant, nous avons \u00e9tabli une liste claire des besoins prioritaires afin d\u2019apporter une aide pertinente, adapt\u00e9e, et surtout p\u00e9renne. Notre d\u00e9marche est simple : <strong>pas d\u2019aide ponctuelle<\/strong><strong> ou d\u00e9corative<\/strong>. Nous avan\u00e7ons avec les communaut\u00e9s, au rythme des r\u00e9alit\u00e9s locales, dans une logique solidaire, enracin\u00e9e et durable.<\/p>\n\n\n\n<p>Forts de l\u2019exp\u00e9rience 2025, nous menons en amont de la prochaine mission trois actions cl\u00e9s :<\/p>\n\n\n\n<ul class=\"wp-block-list\">\n<li><strong>Acheminer des dons r\u00e9ellement utiles<\/strong>, durables et adapt\u00e9s, en continuit\u00e9 directe avec les besoins identifi\u00e9s ;<\/li>\n\n\n\n<li><strong>Lancer la construction de nouvelles salles de classe<\/strong>, en collaboration \u00e9troite avec les habitants du village ;<\/li>\n\n\n\n<li><strong>R\u00e9aliser un diagnostic approfondi<\/strong> des besoins mat\u00e9riels, p\u00e9dagogiques et structurels futurs.<\/li>\n<\/ul>\n\n\n\n<p>Ensemble nous b\u00e2tissons des vocations, des opportunit\u00e9s, et la possibilit\u00e9 pour chaque enfant de prendre pleinement part \u00e0 l\u2019avenir de son territoire.<\/p>\n\n\n\n<p>D\u00e9j\u00e0 sensibilis\u00e9s \u00e0 l\u2019importance de pr\u00e9server leur environnement et leur biodiversit\u00e9 exceptionnelle gr\u00e2ce notamment au r\u00f4le de plusieurs villageois engag\u00e9s comme agents au sein du Parc national, les habitants disposent d\u2019une base solide de connaissances et de pratiques. Nous souhaitons aujourd\u2019hui aller plus loin, en nourrissant et en d\u00e9veloppant encore leur int\u00e9r\u00eat pour la protection de leur environnement, afin d\u2019ancrer durablement ces valeurs au c\u0153ur de la communaut\u00e9.<\/p>\n<\/div><\/div>\n\n\n\n<h2 class=\"wp-block-heading\"><br>S\u00e9curit\u00e9 et diversit\u00e9 alimentaire <br><em>Renforcer l\u2019autonomie en respectant les r\u00e9alit\u00e9s locales<\/em><\/h2>\n\n\n\n<div class=\"wp-block-media-text has-media-on-the-right is-stacked-on-mobile is-image-fill-element\" style=\"margin-top:35px;margin-bottom:35px;padding-top:0;padding-bottom:0;grid-template-columns:auto 52%\"><div class=\"wp-block-media-text__content\">\n<p>Aux c\u00f4t\u00e9s des communaut\u00e9s villageoises, nous encourageons la mise en place de pratiques agricoles durables, adapt\u00e9es aux r\u00e9alit\u00e9s du terrain. Cette d\u00e9marche ne part pas d\u2019id\u00e9es pr\u00e9con\u00e7ues : elle est n\u00e9e de longues discussions avec les habitants, qui nous ont permis de comprendre l\u2019importance fondamentale de leur mode de vie et de leurs ressources.<\/p>\n\n\n\n<p>Ici comme dans tout le pays, le <strong>z\u00e9bu<\/strong> n\u2019est pas seulement un animal : c\u2019est un outil de travail indispensable, un moyen de transport, une \u00e9pargne. Une charrette co\u00fbte cher ; un z\u00e9bu aussi. Tout le monde n\u2019en poss\u00e8de pas, et cela cr\u00e9e des in\u00e9galit\u00e9s d\u2019acc\u00e8s aux moyens de production et de subsistance.<\/p>\n\n\n\n<p>Les terres de la r\u00e9gion sont <strong>fertiles<\/strong>, mais souvent difficiles \u00e0 travailler. L\u2019isolement du village, le faible acc\u00e8s aux march\u00e9s et les revenus limit\u00e9s rendent l\u2019achat d\u2019outils agricoles \u2014 comme une charrue pour labourer efficacement \u2014 quasiment impossible. Sans mat\u00e9riel adapt\u00e9, les familles restent contraintes \u00e0 des cultures tr\u00e8s limit\u00e9es, ce qui limite leur s\u00e9curit\u00e9 alimentaire et la diversit\u00e9 de leur alimentation.<\/p>\n\n\n\n<p>Notre action vise donc d\u2019abord \u00e0 <strong>lever ces obstacles concrets<\/strong>.<\/p>\n\n\n\n<p>Nous travaillons \u00e0 :<\/p>\n\n\n\n<ul class=\"wp-block-list\">\n<li><strong>Fournir des semences adapt\u00e9es<\/strong>, r\u00e9sistantes et vari\u00e9es, pour permettre une diversification progressive des cultures ;<\/li>\n\n\n\n<li><strong>Mettre \u00e0 disposition des outils agricoles essentiels<\/strong>, afin que les familles puissent travailler la terre plus efficacement, gagner en autonomie et am\u00e9liorer leurs rendements ;<\/li>\n\n\n\n<li><strong>Encourager des pratiques agricoles durables<\/strong>, respectueuses des sols et des savoirs traditionnels, pour garantir un d\u00e9veloppement coh\u00e9rent et viable sur le long terme.<\/li>\n<\/ul>\n\n\n\n<p>L\u2019objectif est simple : permettre aux familles de renforcer leur s\u00e9curit\u00e9 alimentaire, de diversifier leur production et de retrouver une plus grande autonomie, tout en valorisant ce qui fait d\u00e9j\u00e0 la richesse de leur mode de vie.<\/p>\n<\/div><figure class=\"wp-block-media-text__media\"><img loading=\"lazy\" decoding=\"async\" width=\"683\" height=\"1024\" src=\"https:\/\/www.namoroka.org\/wp-content\/uploads\/2025\/11\/IMG_1493_SERIE1-683x1024.jpg\" alt=\"\" class=\"wp-image-316 size-full\" style=\"object-position:59% 66%\" srcset=\"https:\/\/www.namoroka.org\/wp-content\/uploads\/2025\/11\/IMG_1493_SERIE1-683x1024.jpg 683w, https:\/\/www.namoroka.org\/wp-content\/uploads\/2025\/11\/IMG_1493_SERIE1-200x300.jpg 200w, https:\/\/www.namoroka.org\/wp-content\/uploads\/2025\/11\/IMG_1493_SERIE1-2000x3000.jpg 2000w, https:\/\/www.namoroka.org\/wp-content\/uploads\/2025\/11\/IMG_1493_SERIE1-scaled.jpg 1707w\" sizes=\"auto, (max-width: 683px) 100vw, 683px\" \/><\/figure><\/div>\n\n\n\n<h2 class=\"wp-block-heading\">Environnement et biodiversit\u00e9<br><em>Prot\u00e9ger le c\u0153ur vivant du territoire<\/em><\/h2>\n\n\n\n<div class=\"wp-block-media-text is-stacked-on-mobile is-image-fill-element\" style=\"margin-top:var(--wp--preset--spacing--x-small);margin-right:0;margin-bottom:var(--wp--preset--spacing--x-small);margin-left:0;grid-template-columns:53% auto\"><figure class=\"wp-block-media-text__media\"><img loading=\"lazy\" decoding=\"async\" width=\"683\" height=\"1024\" src=\"https:\/\/www.namoroka.org\/wp-content\/uploads\/2025\/11\/IMG_0560-683x1024.jpg\" alt=\"\" class=\"wp-image-320 size-full\" style=\"object-position:42% 62%\" srcset=\"https:\/\/www.namoroka.org\/wp-content\/uploads\/2025\/11\/IMG_0560-683x1024.jpg 683w, https:\/\/www.namoroka.org\/wp-content\/uploads\/2025\/11\/IMG_0560-200x300.jpg 200w, https:\/\/www.namoroka.org\/wp-content\/uploads\/2025\/11\/IMG_0560-2000x3000.jpg 2000w, https:\/\/www.namoroka.org\/wp-content\/uploads\/2025\/11\/IMG_0560-scaled.jpg 1707w\" sizes=\"auto, (max-width: 683px) 100vw, 683px\" \/><\/figure><div class=\"wp-block-media-text__content\">\n<p>Prot\u00e9ger l\u2019environnement et la biodiversit\u00e9 exceptionnelle de cette r\u00e9gion est notre <strong>priorit\u00e9<\/strong>. C\u2019est m\u00eame l\u2019origine de notre action : si nous soutenons l\u2019\u00e9ducation, l\u2019agriculture durable ou le d\u00e9veloppement solidaire, c\u2019est parce que <strong>tout est interconnect\u00e9<\/strong>. Pr\u00e9server ce site unique est indispensable au bien-\u00eatre des populations locales, et r\u00e9ciproquement, le d\u00e9veloppement des communaut\u00e9s est essentiel \u00e0 la protection durable de la nature.<\/p>\n\n\n\n<p>Notre r\u00f4le n\u2019est pas de nous substituer aux habitants, mais de leur <strong>donner les cl\u00e9s, les leviers et les moyens<\/strong> pour devenir les premiers gardiens et acteurs de la pr\u00e9servation de leur territoire. Comme \u00e9voqu\u00e9 pr\u00e9c\u00e9demment, beaucoup sont d\u00e9j\u00e0 sensibilis\u00e9s, certains travaillent comme agents du Parc national : nous construisons donc sur cette base solide.<\/p>\n\n\n\n<p>Nous souhaitons aujourd\u2019hui aller plus loin en :<\/p>\n\n\n\n<ul class=\"wp-block-list\">\n<li><strong>D\u00e9veloppant des programmes \u00e9ducatifs directement li\u00e9s \u00e0 l\u2019environnement<\/strong>, pour que les enfants comme les adultes comprennent la valeur unique de leur patrimoine naturel ;<\/li>\n\n\n\n<li><strong>Menant des actions de sensibilisation pour tous<\/strong>, afin d\u2019ancrer l\u2019id\u00e9e que cette biodiversit\u00e9 fait partie de leur identit\u00e9, et repr\u00e9sente une source d\u2019opportunit\u00e9s \u00e9conomiques ;<\/li>\n\n\n\n<li><strong>Encourageant des perspectives de d\u00e9veloppement comme l\u2019\u00e9cotourisme<\/strong>, en montrant que la nature pr\u00e9serv\u00e9e est g\u00e9n\u00e9ratrice d\u2019emplois et de revenus, mais qu\u2019\u00e0 l\u2019inverse sans nature il n\u2019y a plus de visiteurs, et donc plus d\u2019emplois dans ce secteur d\u00e9j\u00e0 tr\u00e8s fragile, avec seulement environ 250 visiteurs par an aujourd\u2019hui.<\/li>\n<\/ul>\n\n\n\n<p>Nous souhaitons profiter \u00e9galement de la pr\u00e9sence de chercheurs et scientifiques dans la r\u00e9gion pour <strong>cr\u00e9er des passerelles entre <\/strong><strong>ces derniers et <\/strong><strong>les communaut\u00e9s<\/strong><strong> locales<\/strong>. Partage de connaissances, ateliers, discussions de terrain, interpr\u00e9tation des observations : autant d\u2019occasions d\u2019impliquer les habitants et de renforcer leur compr\u00e9hension des enjeux \u00e9cologiques qui les concernent directement.<\/p>\n\n\n\n<p>Notre approche conjugue ainsi <strong>conservation, recherche et d\u00e9veloppement local<\/strong>. L\u2019objectif : faire en sorte que la protection de l\u2019environnement et l\u2019am\u00e9lioration des conditions de vie se soutiennent mutuellement, pour b\u00e2tir un avenir o\u00f9 la nature et les communaut\u00e9s prosp\u00e8rent ensemble.<\/p>\n<\/div><\/div>\n\n\n\n<p><\/p>\n","protected":false},"excerpt":{"rendered":"<p>L\u2019\u00e9ducationLa cl\u00e9 pour transformer durablement un territoire S\u00e9curit\u00e9 et diversit\u00e9 alimentaire Renforcer l\u2019autonomie en respectant les r\u00e9alit\u00e9s locales Environnement et biodiversit\u00e9Prot\u00e9ger le c\u0153ur vivant du territoire<\/p>\n","protected":false},"author":1,"featured_media":0,"parent":0,"menu_order":0,"comment_status":"closed","ping_status":"closed","template":"page-templates\/no-title.php","meta":{"footnotes":""},"class_list":["post-22","page","type-page","status-publish","hentry"],"_links":{"self":[{"href":"https:\/\/www.namoroka.org\/index.php?rest_route=\/wp\/v2\/pages\/22","targetHints":{"allow":["GET"]}}],"collection":[{"href":"https:\/\/www.namoroka.org\/index.php?rest_route=\/wp\/v2\/pages"}],"about":[{"href":"https:\/\/www.namoroka.org\/index.php?rest_route=\/wp\/v2\/types\/page"}],"author":[{"embeddable":true,"href":"https:\/\/www.namoroka.org\/index.php?rest_route=\/wp\/v2\/users\/1"}],"replies":[{"embeddable":true,"href":"https:\/\/www.namoroka.org\/index.php?rest_route=%2Fwp%2Fv2%2Fcomments&post=22"}],"version-history":[{"count":32,"href":"https:\/\/www.namoroka.org\/index.php?rest_route=\/wp\/v2\/pages\/22\/revisions"}],"predecessor-version":[{"id":387,"href":"https:\/\/www.namoroka.org\/index.php?rest_route=\/wp\/v2\/pages\/22\/revisions\/387"}],"wp:attachment":[{"href":"https:\/\/www.namoroka.org\/index.php?rest_route=%2Fwp%2Fv2%2Fmedia&parent=22"}],"curies":[{"name":"wp","href":"https:\/\/api.w.org\/{rel}","templated":true}]}}