{"id":11,"date":"2025-10-24T05:44:08","date_gmt":"2025-10-24T05:44:08","guid":{"rendered":"https:\/\/www.namoroka.org\/?page_id=11"},"modified":"2026-01-26T05:09:47","modified_gmt":"2026-01-26T05:09:47","slug":"qui-sommes-nous","status":"publish","type":"page","link":"https:\/\/www.namoroka.org\/","title":{"rendered":"Notre engagement"},"content":{"rendered":"\n<div class=\"wp-block-cover is-light wp-duotone-000-d9d9d9-1\" style=\"min-height:886px;aspect-ratio:unset;\"><img loading=\"lazy\" decoding=\"async\" width=\"2560\" height=\"2560\" class=\"wp-block-cover__image-background wp-image-197 size-full\" alt=\"\" src=\"https:\/\/www.namoroka.org\/wp-content\/uploads\/2025\/10\/IMGL1104-scaled.jpg\" style=\"object-position:54% 29%\" data-object-fit=\"cover\" data-object-position=\"54% 29%\" srcset=\"https:\/\/www.namoroka.org\/wp-content\/uploads\/2025\/10\/IMGL1104-scaled.jpg 2560w, https:\/\/www.namoroka.org\/wp-content\/uploads\/2025\/10\/IMGL1104-300x300.jpg 300w, https:\/\/www.namoroka.org\/wp-content\/uploads\/2025\/10\/IMGL1104-1024x1024.jpg 1024w, https:\/\/www.namoroka.org\/wp-content\/uploads\/2025\/10\/IMGL1104-150x150.jpg 150w, https:\/\/www.namoroka.org\/wp-content\/uploads\/2025\/10\/IMGL1104-2000x2000.jpg 2000w\" sizes=\"auto, (max-width: 2560px) 100vw, 2560px\" \/><span aria-hidden=\"true\" class=\"wp-block-cover__background has-tertiary-background-color has-background-dim-0 has-background-dim\"><\/span><div class=\"wp-block-cover__inner-container is-layout-flow wp-block-cover-is-layout-flow\">\n<div style=\"height:36px\" aria-hidden=\"true\" class=\"wp-block-spacer\"><\/div>\n\n\n\n<div class=\"wp-block-columns is-layout-flex wp-container-core-columns-is-layout-28f84493 wp-block-columns-is-layout-flex\">\n<div class=\"wp-block-column is-layout-flow wp-block-column-is-layout-flow\" style=\"flex-basis:8%\"><\/div>\n\n\n\n<div class=\"wp-block-column is-layout-flow wp-block-column-is-layout-flow\" style=\"flex-basis:60%\">\n<div class=\"wp-block-group has-background has-global-padding is-content-justification-left is-layout-constrained wp-container-core-group-is-layout-3e2623b4 wp-block-group-is-layout-constrained\" style=\"background-color:#0f0f0f87;margin-top:var(--wp--preset--spacing--small);margin-bottom:var(--wp--preset--spacing--small);padding-top:0;padding-right:14px;padding-bottom:0;padding-left:14px\">\n<p class=\"has-text-align-center has-white-color has-text-color has-link-color has-large-font-size wp-elements-ad68c44b4383304f74361d0650f01602\"><strong>Bienvenue<\/strong><br><strong><em>Tonga soa<\/em><\/strong><\/p>\n\n\n\n<p class=\"has-text-align-center has-white-color has-text-color has-link-color wp-elements-3df20389dd8a95ff1878f055f61b027a\"><strong>NAMOROKA&nbsp;<\/strong>est une<strong>&nbsp;association fran\u00e7aise&nbsp;<\/strong>r\u00e9gie par la loi de 1901, \u00e0 but<strong>&nbsp;socio-\u00e9ducatif<\/strong>.<\/p>\n\n\n\n<p class=\"has-text-align-center has-white-color has-text-color has-link-color wp-elements-1816434c19e7df55d7a4c81bcfb4c63e\">Elle agit \u00e0&nbsp;<strong>Madagascar dans la r\u00e9gion de Namoroka, d\u2019o\u00f9 elle tire son nom,<\/strong>&nbsp;en faveur d\u2019une&nbsp;<strong>\u00e9ducation&nbsp;<\/strong>de qualit\u00e9 en milieu rural, notamment dans les&nbsp;<strong>\u00e9coles de brousse<\/strong>.<\/p>\n\n\n\n<p class=\"has-text-align-center has-white-color has-text-color has-link-color wp-elements-70ef8cf783f31dcb49a6f02471f3cc2a\">Son action se d\u00e9ploie \u00e9galement au contact des&nbsp;<strong>communaut\u00e9s villageoises<\/strong>, afin de soutenir la mise en place et la p\u00e9rennisation de&nbsp;<strong>m\u00e9thodes agricoles<\/strong>&nbsp;durables, contribuant \u00e0 l\u2019<strong>\u00e9quilibre<\/strong>&nbsp;et \u00e0 la&nbsp;<strong>diversit\u00e9 alimentaire des habitants de la r\u00e9gion<\/strong>.<\/p>\n\n\n\n<p class=\"has-text-align-center has-white-color has-text-color has-link-color wp-elements-85cf6eb3cec782de97d76e1c49e3ada5\">Forte de son ancrage en zones rurales, l\u2019association accorde une place essentielle \u00e0 la&nbsp;<strong>protection de l\u2019environnement<\/strong>, gr\u00e2ce \u00e0 des actions de sensibilisation \u00e0 la pr\u00e9servation de la biodiversit\u00e9 locale.<\/p>\n\n\n\n<p class=\"has-text-align-center has-white-color has-text-color has-link-color wp-elements-a7a6cd4823c58e5e15a059291df21665\">Ce triptyque,&nbsp;<strong>\u00e9ducation<\/strong>,&nbsp;<strong>agriculture durable<\/strong>&nbsp;et&nbsp;<strong>conservation<\/strong>,&nbsp;constitue la singularit\u00e9 et la force de NAMOROKA.&nbsp;<\/p>\n\n\n\n<p class=\"has-text-align-center has-white-color has-text-color has-link-color wp-elements-d0c0a1ff34bdafc4000285d5e7fef058\"><br><\/p>\n<\/div>\n<\/div>\n\n\n\n<div class=\"wp-block-column is-layout-flow wp-block-column-is-layout-flow\" style=\"flex-basis:32%\"><\/div>\n<\/div>\n<\/div><\/div>\n\n\n\n<div class=\"wp-block-group has-global-padding is-layout-constrained wp-block-group-is-layout-constrained\">\n<h2 class=\"wp-block-heading has-text-align-center\"><strong>Au c\u0153ur du territoire : comprendre notre mission<\/strong><\/h2>\n\n\n\n<h2 class=\"wp-block-heading\">L\u2019association Namoroka, dans la r\u00e9gion de Namoroka<\/h2>\n\n\n\n<p>Nous concentrons nos actions dans et autour du&nbsp;<strong>Parc National des&nbsp;Tsingy de Namoroka<\/strong>, situ\u00e9 dans la r\u00e9gion du m\u00eame nom, au Nord-Ouest de Madagascar.<\/p>\n\n\n\n<p>La raison d\u2019\u00eatre de ce parc national est son massif karstique,&nbsp;formation rocheuse spectaculaire appel\u00e9e \u00ab\u00a0Tsingy\u00a0\u00bb (aiguille en malgache). Ce type de relief creus\u00e9 au fil du temps par l&rsquo;\u00e9rosion cr\u00e9e des paysages tr\u00e8s particuliers : gorges, canyons, grottes, puits naturels, et les fameux Tsingy.<\/p>\n\n\n\n<p>Cet \u00e9cosyst\u00e8me complexe abrite une biodiversit\u00e9 exceptionnelle et de nombreuses esp\u00e8ces end\u00e9miques.&nbsp;<\/p>\n\n\n\n<p>Le massif de Namoroka s\u2019\u00e9tend sur plus de <strong>200 km\u00b2<\/strong> <strong>de formations karstiques, for\u00eats enclav\u00e9es et r\u00e9seaux souterrains<\/strong>.<\/p>\n\n\n\n<p><strong>Ce site exceptionnel est particuli\u00e8rement difficile d\u2019acc\u00e8s : enclav\u00e9 et isol\u00e9, les villages qui s\u2019y trouvent sont de fait tr\u00e8s \u00e9loign\u00e9s du reste du pays et disposent d\u2019un acc\u00e8s tr\u00e8s limit\u00e9 aux services essentiels. \u00c9ducation, sant\u00e9, commerce : chaque d\u00e9marche demande un effort consid\u00e9rable.<\/strong><\/p>\n\n\n\n<p>\u00c0 la lisi\u00e8re Sud-Est du parc se trouve le&nbsp;<strong>village de<\/strong>&nbsp;<strong>Vilanandro<\/strong>, point d\u2019ancrage des initiatives de l\u2019association NAMOROKA.<\/p>\n\n\n\n<p>Malou Guerraz, la vice-pr\u00e9sidente de NAMOROKA, a coorganis\u00e9 et a particip\u00e9 en 2025 \u00e0 une exp\u00e9dition d\u2019exploration du massif et a \u00e9t\u00e9 amen\u00e9e dans ce cadre \u00e0 rencontrer les populations locales, et \u00e0 travailler en \u00e9troite collaboration avec les habitants du village de Vilanandro avec qui elle a tiss\u00e9 des liens forts. De ce fait, elle a pu constater les&nbsp;lourds <strong>besoins \u00e9ducatifs<\/strong> de l\u2019\u00e9cole du village mais aussi les&nbsp;<strong>difficult\u00e9s agricoles<\/strong>&nbsp;auxquelles font face les habitants.<\/p>\n\n\n\n<p>Le manque \u00e9vident de ressources et son attachement au site l\u2019a pouss\u00e9e \u00e0 cr\u00e9er l\u2019association. Engag\u00e9e dans la conservation et la pr\u00e9servation de l\u2019environnement, domaine dans lequel l\u2019\u00e9ducation joue un r\u00f4le primordial, tout comme l\u2019agriculture durable, il lui est apparu essentiel <strong>de d\u00e9velopper des actions concr\u00e8tes pour r\u00e9pondre aux besoins locaux.<\/strong><\/p>\n\n\n\n<p>Par sa position, cette zone allie&nbsp;<strong>enjeux \u00e9ducatifs, agricoles et de protection de l\u2019environnement<\/strong>&nbsp;: un terrain de rencontre entre communaut\u00e9s locales et biodiversit\u00e9 exceptionnelle, au c\u0153ur des missions de l\u2019association NAMOROKA.<\/p>\n\n\n\n<div class=\"wp-block-columns is-layout-flex wp-container-core-columns-is-layout-28f84493 wp-block-columns-is-layout-flex\">\n<div class=\"wp-block-column is-layout-flow wp-block-column-is-layout-flow\" style=\"flex-basis:15%\">\n<div style=\"height:330px\" aria-hidden=\"true\" class=\"wp-block-spacer\"><\/div>\n<\/div>\n\n\n\n<div class=\"wp-block-column is-layout-flow wp-block-column-is-layout-flow\" style=\"flex-basis:66.66%\"><div id=\"wpgmza_map\" class=\"wpgmza_map\" data-settings='{\"id\":\"1\",\"map_title\":\"Namoroka dans le monde\",\"map_width\":\"100\",\"map_height\":\"400\",\"map_start_lat\":\"22.46692468534038\",\"map_start_lng\":\"29.713488396860964\",\"map_start_location\":\"45.950464398418106,-109.81550500000003\",\"map_start_zoom\":\"2\",\"default_marker\":\"\",\"type\":\"1\",\"alignment\":\"4\",\"directions_enabled\":\"0\",\"styling_enabled\":\"0\",\"styling_json\":\"\",\"active\":\"0\",\"kml\":\"\",\"bicycle\":\"0\",\"traffic\":\"0\",\"dbox\":\"0\",\"dbox_width\":\"\",\"listmarkers\":\"0\",\"listmarkers_advanced\":\"0\",\"filterbycat\":\"0\",\"ugm_enabled\":\"0\",\"ugm_category_enabled\":\"0\",\"fusion\":\"\",\"map_width_type\":\"%\",\"map_height_type\":\"px\",\"mass_marker_support\":\"0\",\"ugm_access\":\"0\",\"order_markers_by\":\"0\",\"order_markers_choice\":\"0\",\"show_user_location\":\"0\",\"default_to\":\"\",\"other_settings\":{\"map_type\":1,\"sl_stroke_color\":\"\",\"sl_fill_color\":\"\",\"sl_stroke_opacity\":\"\",\"sl_fill_opacity\":\"\",\"transport_layer\":false,\"action\":\"wpgmza_save_map\",\"redirect_to\":\"\\\/wp-admin\\\/admin-post.php\",\"map_id\":\"1\",\"http_referer\":\"\\\/wp-admin\\\/admin.php?page=wp-google-maps-menu&amp;amp;action=edit&amp;amp;map_id=1\",\"wpgmza_id\":\"1\",\"wpgmza_start_location\":\"22.46692468534038,29.713488396860964\",\"wpgmza_start_zoom\":\"2\",\"wpgmza_theme_data\":\"[{\\\"featureType\\\":\\\"landscape.man_made\\\",\\\"elementType\\\":\\\"geometry\\\",\\\"stylers\\\":[{\\\"color\\\":\\\"#f7f1df\\\"}]},{\\\"featureType\\\":\\\"landscape.natural\\\",\\\"elementType\\\":\\\"geometry\\\",\\\"stylers\\\":[{\\\"color\\\":\\\"#d0e3b4\\\"}]},{\\\"featureType\\\":\\\"landscape.natural.terrain\\\",\\\"elementType\\\":\\\"geometry\\\",\\\"stylers\\\":[{\\\"visibility\\\":\\\"off\\\"}]},{\\\"featureType\\\":\\\"poi\\\",\\\"elementType\\\":\\\"labels\\\",\\\"stylers\\\":[{\\\"visibility\\\":\\\"off\\\"}]},{\\\"featureType\\\":\\\"poi.business\\\",\\\"elementType\\\":\\\"all\\\",\\\"stylers\\\":[{\\\"visibility\\\":\\\"off\\\"}]},{\\\"featureType\\\":\\\"poi.medical\\\",\\\"elementType\\\":\\\"geometry\\\",\\\"stylers\\\":[{\\\"color\\\":\\\"#fbd3da\\\"}]},{\\\"featureType\\\":\\\"poi.park\\\",\\\"elementType\\\":\\\"geometry\\\",\\\"stylers\\\":[{\\\"color\\\":\\\"#bde6ab\\\"}]},{\\\"featureType\\\":\\\"road\\\",\\\"elementType\\\":\\\"geometry.stroke\\\",\\\"stylers\\\":[{\\\"visibility\\\":\\\"off\\\"}]},{\\\"featureType\\\":\\\"road\\\",\\\"elementType\\\":\\\"labels\\\",\\\"stylers\\\":[{\\\"visibility\\\":\\\"off\\\"}]},{\\\"featureType\\\":\\\"road.highway\\\",\\\"elementType\\\":\\\"geometry.fill\\\",\\\"stylers\\\":[{\\\"color\\\":\\\"#ffe15f\\\"}]},{\\\"featureType\\\":\\\"road.highway\\\",\\\"elementType\\\":\\\"geometry.stroke\\\",\\\"stylers\\\":[{\\\"color\\\":\\\"#efd151\\\"}]},{\\\"featureType\\\":\\\"road.arterial\\\",\\\"elementType\\\":\\\"geometry.fill\\\",\\\"stylers\\\":[{\\\"color\\\":\\\"#ffffff\\\"}]},{\\\"featureType\\\":\\\"road.local\\\",\\\"elementType\\\":\\\"geometry.fill\\\",\\\"stylers\\\":[{\\\"color\\\":\\\"black\\\"}]},{\\\"featureType\\\":\\\"transit.station.airport\\\",\\\"elementType\\\":\\\"geometry.fill\\\",\\\"stylers\\\":[{\\\"color\\\":\\\"#cfb2db\\\"}]},{\\\"featureType\\\":\\\"water\\\",\\\"elementType\\\":\\\"geometry\\\",\\\"stylers\\\":[{\\\"color\\\":\\\"#a2daf2\\\"}]}]\",\"store_locator_enabled\":false,\"store_locator_search_area\":\"radial\",\"wpgmza_store_locator_radius_style\":\"legacy\",\"wpgmza_store_locator_default_radius\":\"10\",\"store_locator_auto_area_max_zoom\":\"\",\"store_locator_distance\":false,\"wpgmza_store_locator_position\":false,\"store_locator_show_distance\":false,\"store_locator_category\":false,\"wpgmza_store_locator_use_their_location\":false,\"wpgmza_store_locator_bounce\":false,\"wpgmza_sl_animation\":null,\"wpgmza_store_locator_hide_before_search\":false,\"store_locator_query_string\":\"\",\"store_locator_location_placeholder\":\"\",\"store_locator_default_address\":\"\",\"store_locator_name_search\":false,\"store_locator_name_string\":\"\",\"store_locator_not_found_message\":\"\",\"wpgmza_map_align\":\"1\",\"jump_to_nearest_marker_on_initialization\":false,\"automatically_pan_to_users_location\":false,\"override_users_location_zoom_level\":false,\"override_users_location_zoom_levels\":\"\",\"show_distance_from_location\":false,\"map_max_zoom\":\"21\",\"map_min_zoom\":\"0\",\"click_open_link\":false,\"fit_maps_bounds_to_markers\":false,\"fit_maps_bounds_to_markers_after_filtering\":false,\"hide_point_of_interest\":false,\"wpgmza_zoom_on_marker_click\":false,\"wpgmza_zoom_on_marker_click_slider\":\"\",\"close_infowindow_on_map_click\":false,\"disable_lightbox_images\":false,\"use_Raw_Jpeg_Coordinates\":false,\"polygon_labels\":false,\"disable_polygon_info_windows\":false,\"enable_marker_ratings\":false,\"enable_marker_labels\":false,\"only_load_markers_within_viewport\":false,\"zoom_level_mobile_override_enabled\":false,\"zoom_level_mobile_override\":\"\",\"iw_primary_color\":\"#000000\",\"iw_accent_color\":\"#000000\",\"iw_text_color\":\"#000000\",\"wpgmza_listmarkers_by\":\"0\",\"wpgmza_marker_listing_position\":false,\"wpgmza_push_in_map\":false,\"wpgmza_push_in_map_placement\":null,\"wpgmza_push_in_map_width\":\"\",\"wpgmza_push_in_map_height\":\"\",\"zoom_level_on_marker_listing_override\":false,\"zoom_level_on_marker_listing_click\":\"\",\"marker_listing_disable_zoom\":false,\"datatable_no_result_message\":\"\",\"remove_search_box_datables\":false,\"dataTable_pagination_style\":null,\"datatable_search_string\":\"\",\"datatable_result_start\":\"\",\"datatable_result_of\":\"\",\"datatable_result_to\":\"\",\"datatable_result_total\":\"\",\"datatable_result_show\":\"\",\"datatable_result_entries\":\"\",\"wpgmza_savemap\":\"Enregistrer la carte \\u00bb\"}}' data-map-id='1' Data-maps-engine='open-layers' data-shortcode-attributes='{\"id\":\"1\"}' style=\"display:block; overflow:auto; width:100%; height:400px; float:left;\"><\/div><\/div>\n<\/div>\n\n\n\n<h2 class=\"wp-block-heading\">Vilanandro, un ancrage local<\/h2>\n\n\n\n<p>En 2025, l\u2019exp\u00e9dition coorganis\u00e9e par Malou Guerraz a \u00e9t\u00e9 rendue possible gr\u00e2ce \u00e0 l\u2019implication de&nbsp;<strong>25 habitants de Vilanandro<\/strong>&nbsp;et de leurs&nbsp;<strong>32 z\u00e9bus<\/strong>. Pendant plus d\u2019un mois, cette \u00e9quipe soud\u00e9e a parcouru le Parc National en charrettes, seul moyen de transport op\u00e9rationnel dans la r\u00e9gion en saison des pluies. Cette aventure partag\u00e9e au rythme des z\u00e9bus et de la vie locale a permis de tisser des&nbsp;<strong>liens fort et sinc\u00e8res<\/strong>&nbsp;avec cette communaut\u00e9.<\/p>\n\n\n\n<div class=\"wp-block-media-text is-stacked-on-mobile\"><figure class=\"wp-block-media-text__media\"><img loading=\"lazy\" decoding=\"async\" width=\"768\" height=\"1024\" src=\"https:\/\/www.namoroka.org\/wp-content\/uploads\/2025\/11\/IMG_1336-768x1024.jpg\" alt=\"\" class=\"wp-image-392 size-full\" srcset=\"https:\/\/www.namoroka.org\/wp-content\/uploads\/2025\/11\/IMG_1336-768x1024.jpg 768w, https:\/\/www.namoroka.org\/wp-content\/uploads\/2025\/11\/IMG_1336-225x300.jpg 225w, https:\/\/www.namoroka.org\/wp-content\/uploads\/2025\/11\/IMG_1336-2000x2667.jpg 2000w, https:\/\/www.namoroka.org\/wp-content\/uploads\/2025\/11\/IMG_1336-scaled.jpg 1920w\" sizes=\"auto, (max-width: 768px) 100vw, 768px\" \/><\/figure><div class=\"wp-block-media-text__content\">\n<p><strong>Bien que l\u2019exp\u00e9dition ait apport\u00e9 du mat\u00e9riel \u00e0 l\u2019\u00e9cole apr\u00e8s avoir identifi\u00e9 en amont les besoins les plus urgents, il est rapidement apparu qu\u2019une action ponctuelle ne suffirait pas. Pour r\u00e9pondre durablement \u00e0 ces besoins, mobiliser des fonds, accompagner les projets et assurer un suivi dans le temps, une structure d\u00e9di\u00e9e \u00e9tait n\u00e9cessaire. C\u2019est ainsi qu\u2019est n\u00e9e l\u2019association NAMOROKA.<\/strong><\/p>\n\n\n\n<p>Situ\u00e9 en bordure du parc, Vilanandro se trouve \u00e0 pr\u00e8s de&nbsp;<strong>24 heures de charrette \u00e0 z\u00e9bu de la premi\u00e8re ville (Soalala)<\/strong>, elle-m\u00eame disposant d\u2019un acc\u00e8s limit\u00e9 aux ressources de base.<\/p>\n\n\n\n<p>Avec ses 650 habitants, Vilanandro dispose d\u2019une \u00e9cole maternelle et primaire dans laquelle \u00e9voluent plus de 300 enfants, venant \u00e9galement d\u2019autres villages alentours.<\/p>\n\n\n\n<p>La terre quant \u00e0 elle, pourtant fertile, reste difficile \u00e0 travailler faute de moyens : manque de semences adapt\u00e9es, d\u2019outils et surtout de&nbsp;<strong>charrues<\/strong>, indispensables pour am\u00e9liorer les rendements.<\/p>\n\n\n\n<p><strong>Si nos actions se concentrent aujourd\u2019hui autour de Vilanandro, l\u2019association a vocation \u00e0 accompagner progressivement l\u2019ensemble des villages situ\u00e9s en bordure ou au c\u0153ur du parc. Ces communaut\u00e9s jouent un r\u00f4le essentiel dans la pr\u00e9servation de leur environnement et la transmission des savoirs qui y sont li\u00e9s. Vilanandro, et \u00e0 terme les villages voisins, constituent ainsi le centre de notre engagement et le point de d\u00e9part de partenariats locaux que nous nous attachons \u00e0 renforcer et \u00e0 inscrire dans la dur\u00e9e.<\/strong><\/p>\n<\/div><\/div>\n\n\n\n<h2 class=\"wp-block-heading\">Un h\u00e9ritage scientifique, un engagement socio-\u00e9ducatif<\/h2>\n\n\n\n<p>Le Parc National des Tsingy de Namoroka est un lieu d\u2019exploration et de recherche. Des missions scientifiques s\u2019y sont succ\u00e9d\u00e9es en 2012 et 2016, et une nouvelle dynamique a \u00e9t\u00e9 relanc\u00e9e en 2025 gr\u00e2ce \u00e0 l\u2019exp\u00e9dition d\u2019exploration \u00e0 laquelle a particip\u00e9 \u2014 et a coorganis\u00e9 \u2014 Malou Guerraz, vice-pr\u00e9sidente de l\u2019association. D\u2019autres missions sont pr\u00e9vues d\u2019ici 2027.<\/p>\n\n\n\n<p><strong>L\u2019association NAMOROKA s\u2019inscrit dans la continuit\u00e9 de cet h\u00e9ritage, sans pour autant relever du domaine scientifique.<\/strong><\/p>\n\n\n\n<p>Notre objectif est clair : <strong>l\u2019association a une vocation exclusivement socio-\u00e9ducative et agricole<\/strong>. Elle a \u00e9t\u00e9 cr\u00e9\u00e9e pour lever des fonds et accompagner des projets destin\u00e9s aux communaut\u00e9s locales de la r\u00e9gion de Namoroka : construction et \u00e9quipement d\u2019\u00e9coles, appui aux pratiques agricoles durables, sensibilisation \u00e0 l\u2019environnement, et initiatives \u00e9ducatives men\u00e9es avec les enfants et les familles.<\/p>\n\n\n\n<p>Bien que les financements collect\u00e9s ne servent <strong>en aucun cas<\/strong> \u00e0 soutenir les missions scientifiques qui d\u00e9pendent d\u2019autres structures et d\u2019autres budgets, <strong>la pr\u00e9sence scientifique dans le massif facilite notre action<\/strong> : elle nous permet d\u2019acc\u00e9der plus facilement \u00e0 des zones recul\u00e9es et enclav\u00e9es comme Vilanandro et les villages alentours, d\u2019acheminer les dons, de suivre les projets et d\u2019assurer un lien constant avec les communaut\u00e9s.<\/p>\n\n\n\n<p>Nous b\u00e9n\u00e9ficions d\u2019un ancrage, d\u2019un r\u00e9seau et d\u2019une connaissance du terrain issus de ces exp\u00e9ditions, mais notre mission reste r\u00e9solument sociale et \u00e9ducative.<\/p>\n\n\n\n<p>Enfin, cette proximit\u00e9 avec la nature fait naturellement partie de notre d\u00e9marche : guides locaux, enseignants et intervenants contribuent \u00e0 sensibiliser les enfants \u00e0 la biodiversit\u00e9 et au patrimoine naturel qui les entoure. Les communaut\u00e9s, d\u00e9j\u00e0 fortement impliqu\u00e9es dans la pr\u00e9servation de leur territoire, sont nos partenaires essentiels pour faire vivre et durer ces projets.<\/p>\n<\/div>\n\n\n\n<figure class=\"wp-block-image aligncenter size-large is-resized\"><img loading=\"lazy\" decoding=\"async\" width=\"1024\" height=\"569\" src=\"https:\/\/www.namoroka.org\/wp-content\/uploads\/2025\/11\/IMG_0585-1024x569.jpg\" alt=\"\" class=\"wp-image-395\" style=\"width:956px;height:auto\" srcset=\"https:\/\/www.namoroka.org\/wp-content\/uploads\/2025\/11\/IMG_0585-1024x569.jpg 1024w, https:\/\/www.namoroka.org\/wp-content\/uploads\/2025\/11\/IMG_0585-300x167.jpg 300w, https:\/\/www.namoroka.org\/wp-content\/uploads\/2025\/11\/IMG_0585-2000x1111.jpg 2000w\" sizes=\"auto, (max-width: 1024px) 100vw, 1024px\" \/><\/figure>\n\n\n\n<p><\/p>\n","protected":false},"excerpt":{"rendered":"<p>Au c\u0153ur du territoire : comprendre notre mission L\u2019association Namoroka, dans la r\u00e9gion de Namoroka Nous concentrons nos actions dans et autour du&nbsp;Parc National des&nbsp;Tsingy de Namoroka, situ\u00e9 dans la r\u00e9gion du m\u00eame nom, au Nord-Ouest de Madagascar. La raison d\u2019\u00eatre de ce parc national est son massif karstique,&nbsp;formation rocheuse spectaculaire appel\u00e9e \u00ab\u00a0Tsingy\u00a0\u00bb (aiguille en &hellip; <\/p>\n<p class=\"link-more\"><a href=\"https:\/\/www.namoroka.org\/\" class=\"more-link\">Lire la suite de<span class=\"screen-reader-text\">\u00ab\u00a0Notre engagement\u00a0\u00bb<\/span><\/a><\/p>\n","protected":false},"author":1,"featured_media":199,"parent":0,"menu_order":0,"comment_status":"closed","ping_status":"closed","template":"page-templates\/homepage-builder-bb.php","meta":{"footnotes":""},"class_list":["post-11","page","type-page","status-publish","has-post-thumbnail","hentry"],"_links":{"self":[{"href":"https:\/\/www.namoroka.org\/index.php?rest_route=\/wp\/v2\/pages\/11","targetHints":{"allow":["GET"]}}],"collection":[{"href":"https:\/\/www.namoroka.org\/index.php?rest_route=\/wp\/v2\/pages"}],"about":[{"href":"https:\/\/www.namoroka.org\/index.php?rest_route=\/wp\/v2\/types\/page"}],"author":[{"embeddable":true,"href":"https:\/\/www.namoroka.org\/index.php?rest_route=\/wp\/v2\/users\/1"}],"replies":[{"embeddable":true,"href":"https:\/\/www.namoroka.org\/index.php?rest_route=%2Fwp%2Fv2%2Fcomments&post=11"}],"version-history":[{"count":74,"href":"https:\/\/www.namoroka.org\/index.php?rest_route=\/wp\/v2\/pages\/11\/revisions"}],"predecessor-version":[{"id":464,"href":"https:\/\/www.namoroka.org\/index.php?rest_route=\/wp\/v2\/pages\/11\/revisions\/464"}],"wp:featuredmedia":[{"embeddable":true,"href":"https:\/\/www.namoroka.org\/index.php?rest_route=\/wp\/v2\/media\/199"}],"wp:attachment":[{"href":"https:\/\/www.namoroka.org\/index.php?rest_route=%2Fwp%2Fv2%2Fmedia&parent=11"}],"curies":[{"name":"wp","href":"https:\/\/api.w.org\/{rel}","templated":true}]}}